{"id":71,"date":"2017-12-20T14:43:18","date_gmt":"2017-12-20T13:43:18","guid":{"rendered":"http:\/\/countancy.com\/?page_id=71"},"modified":"2019-03-10T21:41:55","modified_gmt":"2019-03-10T20:41:55","slug":"services","status":"publish","type":"page","link":"https:\/\/www.countancy.com\/en\/services\/","title":{"rendered":"Services"},"content":{"rendered":"<h1>Notre savoir-faire<br \/>\n<\/h1>\n<h2>Expertise Comptable :<br \/>\n<\/h2>\n\t<h3>Accompagnement comptable<\/h3>\n<ul>\n<li><strong>Tenue et R\u00e9vision comptable<\/strong><\/li>\n<li><strong>Fiscalit\u00e9 <\/strong>: \u00e9tablissement des d\u00e9clarations fiscales, mise en place d\u2019\u00e9ch\u00e9anciers et pr\u00e9visions fiscales.<\/li>\n<li><strong>Sociale<\/strong> : \u00e9tablissement des contrats de travail, des bulletins de salaire et des d\u00e9clarations\u00a0sociales associ\u00e9es.<\/li>\n<li><strong>Juridique<\/strong> : Secr\u00e9tariat juridique, r\u00e9daction des statuts, proc\u00e8s verbaux d\u2019assembl\u00e9e, rapport de gestion\u2026<\/li>\n<li><strong>Pilotage des travaux comptables et financiers<\/strong> : budgets pr\u00e9visionnels, arr\u00eat\u00e9 des comptes, plan d\u2019investissement\u2026), relations bancaires dans le cadre du financement de l\u2019entreprise.<\/li>\n<\/ul>\n\t<h3>Cr\u00e9ation et reprise d&rsquo;entreprise<\/h3>\n<ul>\n<li>\u00c9laboration du business plan<\/li>\n<li>Recherche de financements<\/li>\n<li>Conseil dans le choix de la forme juridique de l\u2019entreprise la mieux adapt\u00e9e \u00e0 votre projet<\/li>\n<li>Accompagnement dans la r\u00e9daction des statuts<\/li>\n<li>Mise en place de tableau de bord de suivi de l\u2019activit\u00e9<\/li>\n<li>Dans le cadre d\u2019une reprise d\u2019entreprise, r\u00e9alisation d\u2019audit d\u2019acquisition<\/li>\n<\/ul>\n<p>&nbsp;<\/p>\n\t<h3>Accompagnement dans la recherche de financement<\/h3>\n<p>Identification des besoins de financement, r\u00e9alisation du business plan et du plan de financement, gestion de la tr\u00e9sorerie etc.<\/p>\n\t<hr \/>\n\t<h2>Consolidation et Reporting Financier<\/h2>\n<p><strong>Countancy vous apporte son assistance dans le cadre d\u2019op\u00e9rations courantes ou exceptionnelles<\/strong><\/p>\n\t<h3>Reporting financier<\/h3>\n<p>Nous vous accompagnons dans la strat\u00e9gie et la production de vos comptes, en prenant en compte les \u00e9volutions des normes comptables, nationales ou internationales :<\/p>\n<ul>\n<li>Consultations techniques (normes comptables nationales ou internationales \u2013 IFRS)<\/li>\n<li>Assistance \u00e0 la mise en place de solutions informatiques (ERP, progiciels)<\/li>\n<li>Assistance \u00e0 la r\u00e9daction d\u2019annexes et d\u2019\u00e9l\u00e9ments de communication financi\u00e8re<\/li>\n<li>Assistance comptable ponctuelle (reprise de comptabilit\u00e9s en difficult\u00e9 ou en grand retard, absences etc.)<\/li>\n<li>Externalisation du processus d\u2019arr\u00eat\u00e9 et de production des comptes sociaux et liasses de consolidation<\/li>\n<\/ul>\n\t<h3>Accompagner vos \u00e9quipes<\/h3>\n<ul>\n<li>Mise en place et d\u00e9finition des normes applicables<\/li>\n<li>Accompagnement \u00e0 la mise en place d\u2019un nouveau r\u00e9f\u00e9rentiel comptable : simulation, chiffrage des impacts, identification des divergences de traitement comptable<\/li>\n<li>Assistance lors de la mise en place d\u2019un logiciel de consolidation,<\/li>\n<li>R\u00e9daction de manuel de proc\u00e9dures d\u2019\u00e9tablissement de comptes consolid\u00e9s,<\/li>\n<li>Assistance ponctuelle sur des op\u00e9rations techniques : variation de p\u00e9rim\u00e8tre, changement de m\u00e9thodes, fiscalit\u00e9 diff\u00e9r\u00e9e, tableau de flux de tr\u00e9sorerie\u2026<\/li>\n<li>Accompagnement de projets ou d\u2019op\u00e9rations sp\u00e9cifiques<\/li>\n<li>Accompagnement op\u00e9rationnel dans le cadre d\u2019op\u00e9rations exceptionnelles (fusion, acquisition\u2026)<\/li>\n<\/ul>\n\t<h3>Comptes consolid\u00e9s<\/h3>\n<p>Nous r\u00e9alisons l\u2019ensemble des travaux de consolidation depuis la collecte des donn\u00e9es jusqu\u2019aux \u00e9tats de synth\u00e8se en norme fran\u00e7aise et IFRS<\/p>\n<ul>\n<li>Renfort ponctuel ou r\u00e9current dans le cadre de l\u2019\u00e9tablissement des comptes consolid\u00e9s<\/li>\n<li>Assistance sur la r\u00e9alisation de tout ou partie des traitements de consolidation<\/li>\n<li>Production et revue de comptes consolid\u00e9s<\/li>\n<li>Externalisation du processus d\u2019arr\u00eat\u00e9 et de production des comptes consolid\u00e9s<\/li>\n<\/ul>","protected":false},"excerpt":{"rendered":"","protected":false},"author":1,"featured_media":0,"parent":0,"menu_order":0,"comment_status":"closed","ping_status":"closed","template":"template\/template-page-full-width.php","meta":{"cwp_meta_box_check":"No","cwp_rev_product_name":"","cwp_rev_product_image":"","wppr_links":[],"cwp_rev_price":"","wppr_options":[],"wppr_pros":[],"wppr_cons":[],"jetpack_post_was_ever_published":false,"footnotes":""},"class_list":["post-71","page","type-page","status-publish","hentry"],"wppr_data":{"cwp_meta_box_check":"No"},"yoast_head":"<!-- This site is optimized with the Yoast SEO plugin v24.9 - https:\/\/yoast.com\/wordpress\/plugins\/seo\/ -->\n<title>Services - Countancy<\/title>\n<meta name=\"robots\" content=\"index, follow, max-snippet:-1, max-image-preview:large, max-video-preview:-1\" \/>\n<link rel=\"canonical\" href=\"https:\/\/www.countancy.com\/en\/services\/\" \/>\n<meta property=\"og:locale\" content=\"en_GB\" \/>\n<meta property=\"og:type\" content=\"article\" \/>\n<meta property=\"og:title\" content=\"Services - Countancy\" \/>\n<meta property=\"og:url\" content=\"https:\/\/www.countancy.com\/en\/services\/\" \/>\n<meta property=\"og:site_name\" content=\"Countancy\" \/>\n<meta property=\"article:modified_time\" content=\"2019-03-10T20:41:55+00:00\" \/>\n<meta name=\"twitter:card\" content=\"summary_large_image\" \/>\n<meta name=\"twitter:label1\" content=\"Estimated reading time\" \/>\n\t<meta name=\"twitter:data1\" content=\"2 minutes\" \/>\n<script type=\"application\/ld+json\" class=\"yoast-schema-graph\">{\"@context\":\"https:\/\/schema.org\",\"@graph\":[{\"@type\":\"WebPage\",\"@id\":\"https:\/\/www.countancy.com\/services\/\",\"url\":\"https:\/\/www.countancy.com\/services\/\",\"name\":\"Services - Countancy\",\"isPartOf\":{\"@id\":\"https:\/\/www.countancy.com\/#website\"},\"datePublished\":\"2017-12-20T13:43:18+00:00\",\"dateModified\":\"2019-03-10T20:41:55+00:00\",\"breadcrumb\":{\"@id\":\"https:\/\/www.countancy.com\/services\/#breadcrumb\"},\"inLanguage\":\"en-GB\",\"potentialAction\":[{\"@type\":\"ReadAction\",\"target\":[\"https:\/\/www.countancy.com\/services\/\"]}]},{\"@type\":\"BreadcrumbList\",\"@id\":\"https:\/\/www.countancy.com\/services\/#breadcrumb\",\"itemListElement\":[{\"@type\":\"ListItem\",\"position\":1,\"name\":\"Accueil\",\"item\":\"https:\/\/www.countancy.com\/\"},{\"@type\":\"ListItem\",\"position\":2,\"name\":\"Services\"}]},{\"@type\":\"WebSite\",\"@id\":\"https:\/\/www.countancy.com\/#website\",\"url\":\"https:\/\/www.countancy.com\/\",\"name\":\"Countancy\",\"description\":\"Expertise comptable - Audit - Conseil\",\"publisher\":{\"@id\":\"https:\/\/www.countancy.com\/#organization\"},\"potentialAction\":[{\"@type\":\"SearchAction\",\"target\":{\"@type\":\"EntryPoint\",\"urlTemplate\":\"https:\/\/www.countancy.com\/?s={search_term_string}\"},\"query-input\":{\"@type\":\"PropertyValueSpecification\",\"valueRequired\":true,\"valueName\":\"search_term_string\"}}],\"inLanguage\":\"en-GB\"},{\"@type\":\"Organization\",\"@id\":\"https:\/\/www.countancy.com\/#organization\",\"name\":\"Countancy\",\"url\":\"https:\/\/www.countancy.com\/\",\"logo\":{\"@type\":\"ImageObject\",\"inLanguage\":\"en-GB\",\"@id\":\"https:\/\/www.countancy.com\/#\/schema\/logo\/image\/\",\"url\":\"https:\/\/i0.wp.com\/www.countancy.com\/wp-content\/uploads\/2019\/08\/logo-web-transparent.png?fit=500%2C103&ssl=1\",\"contentUrl\":\"https:\/\/i0.wp.com\/www.countancy.com\/wp-content\/uploads\/2019\/08\/logo-web-transparent.png?fit=500%2C103&ssl=1\",\"width\":500,\"height\":103,\"caption\":\"Countancy\"},\"image\":{\"@id\":\"https:\/\/www.countancy.com\/#\/schema\/logo\/image\/\"}}]}<\/script>\n<!-- \/ Yoast SEO plugin. -->","yoast_head_json":{"title":"Services - Countancy","robots":{"index":"index","follow":"follow","max-snippet":"max-snippet:-1","max-image-preview":"max-image-preview:large","max-video-preview":"max-video-preview:-1"},"canonical":"https:\/\/www.countancy.com\/en\/services\/","og_locale":"en_GB","og_type":"article","og_title":"Services - Countancy","og_url":"https:\/\/www.countancy.com\/en\/services\/","og_site_name":"Countancy","article_modified_time":"2019-03-10T20:41:55+00:00","twitter_card":"summary_large_image","twitter_misc":{"Estimated reading time":"2 minutes"},"schema":{"@context":"https:\/\/schema.org","@graph":[{"@type":"WebPage","@id":"https:\/\/www.countancy.com\/services\/","url":"https:\/\/www.countancy.com\/services\/","name":"Services - Countancy","isPartOf":{"@id":"https:\/\/www.countancy.com\/#website"},"datePublished":"2017-12-20T13:43:18+00:00","dateModified":"2019-03-10T20:41:55+00:00","breadcrumb":{"@id":"https:\/\/www.countancy.com\/services\/#breadcrumb"},"inLanguage":"en-GB","potentialAction":[{"@type":"ReadAction","target":["https:\/\/www.countancy.com\/services\/"]}]},{"@type":"BreadcrumbList","@id":"https:\/\/www.countancy.com\/services\/#breadcrumb","itemListElement":[{"@type":"ListItem","position":1,"name":"Accueil","item":"https:\/\/www.countancy.com\/"},{"@type":"ListItem","position":2,"name":"Services"}]},{"@type":"WebSite","@id":"https:\/\/www.countancy.com\/#website","url":"https:\/\/www.countancy.com\/","name":"Countancy","description":"Expertise comptable - Audit - Conseil","publisher":{"@id":"https:\/\/www.countancy.com\/#organization"},"potentialAction":[{"@type":"SearchAction","target":{"@type":"EntryPoint","urlTemplate":"https:\/\/www.countancy.com\/?s={search_term_string}"},"query-input":{"@type":"PropertyValueSpecification","valueRequired":true,"valueName":"search_term_string"}}],"inLanguage":"en-GB"},{"@type":"Organization","@id":"https:\/\/www.countancy.com\/#organization","name":"Countancy","url":"https:\/\/www.countancy.com\/","logo":{"@type":"ImageObject","inLanguage":"en-GB","@id":"https:\/\/www.countancy.com\/#\/schema\/logo\/image\/","url":"https:\/\/i0.wp.com\/www.countancy.com\/wp-content\/uploads\/2019\/08\/logo-web-transparent.png?fit=500%2C103&ssl=1","contentUrl":"https:\/\/i0.wp.com\/www.countancy.com\/wp-content\/uploads\/2019\/08\/logo-web-transparent.png?fit=500%2C103&ssl=1","width":500,"height":103,"caption":"Countancy"},"image":{"@id":"https:\/\/www.countancy.com\/#\/schema\/logo\/image\/"}}]}},"jetpack_sharing_enabled":true,"jetpack_shortlink":"https:\/\/wp.me\/PaxAxr-19","_links":{"self":[{"href":"https:\/\/www.countancy.com\/en\/wp-json\/wp\/v2\/pages\/71"}],"collection":[{"href":"https:\/\/www.countancy.com\/en\/wp-json\/wp\/v2\/pages"}],"about":[{"href":"https:\/\/www.countancy.com\/en\/wp-json\/wp\/v2\/types\/page"}],"author":[{"embeddable":true,"href":"https:\/\/www.countancy.com\/en\/wp-json\/wp\/v2\/users\/1"}],"replies":[{"embeddable":true,"href":"https:\/\/www.countancy.com\/en\/wp-json\/wp\/v2\/comments?post=71"}],"version-history":[{"count":18,"href":"https:\/\/www.countancy.com\/en\/wp-json\/wp\/v2\/pages\/71\/revisions"}],"predecessor-version":[{"id":376,"href":"https:\/\/www.countancy.com\/en\/wp-json\/wp\/v2\/pages\/71\/revisions\/376"}],"wp:attachment":[{"href":"https:\/\/www.countancy.com\/en\/wp-json\/wp\/v2\/media?parent=71"}],"curies":[{"name":"wp","href":"https:\/\/api.w.org\/{rel}","templated":true}]}}